{"id":4876,"date":"2025-02-08T16:22:44","date_gmt":"2025-02-08T15:22:44","guid":{"rendered":"https:\/\/construark.com.co\/?page_id=4876"},"modified":"2025-02-08T16:32:27","modified_gmt":"2025-02-08T15:32:27","slug":"quienes-somos","status":"publish","type":"page","link":"https:\/\/construark.com.co\/index.php\/quienes-somos\/","title":{"rendered":"\u00bfQui\u00e9nes Somos?"},"content":{"rendered":"\n<h2 class=\"wp-block-heading has-text-align-center\">NOSOTROS<\/h2>\n\n\n\n<p>Somos una constructora especializada en la creaci\u00f3n de proyectos innovadores, que se destacan en el sector inmobiliario, por;<\/p>\n\n\n\n<ul class=\"wp-block-list\">\n<li>Innovaci\u00f3n arquitect\u00f3nica, por desarrollar construcciones<br>contempor\u00e1neas que destaquen en el sector inmobiliario.<\/li>\n\n\n\n<li>Desarrollar construcciones modernas en sectores de alta valorizaci\u00f3n y<br>rentabilidad, que le garantizan una excelente inversi\u00f3n.<\/li>\n\n\n\n<li>Innovaci\u00f3n en la incorporaci\u00f3n de tecnolog\u00edas renovables y eficiencia<br>energ\u00e9tica, que ayudan el medio ambiente y le baja significativamente<br>los costos de servicios p\u00fablicos.<\/li>\n\n\n\n<li>La incorporaci\u00f3n en los proyectos de elementos modernos que son m\u00e1s<br>perdurables, evitando los altos costos de mantenimientos futuros.<\/li>\n\n\n\n<li>Lo m\u00e1s importante, manejamos los precios m\u00e1s bajos del mercado<br>inmobiliario, manteniendo la calidad en nuestros proyectos, con sus<br>garant\u00edas correspondientes.<\/li>\n<\/ul>\n\n\n\n<p>Nos enfocamos en dise\u00f1ar y construir espacios vivenciales y comerciales que no solo satisfagan las necesidades de nuestros compradores, sino que tambi\u00e9n les brinden una inversi\u00f3n segura, rentable y a la vez que minimice el impacto ambiental.<\/p>\n\n\n\n<h2 class=\"wp-block-heading has-text-align-center\">MISI\u00d3N<\/h2>\n\n\n\n<p>En Construark Soluciones, nuestro prop\u00f3sito es dise\u00f1ar, construir y entregar proyectos inmobiliarios de alta calidad, valorizaci\u00f3n y rentabilidad, que destaquen arquitect\u00f3nicamente con innovaci\u00f3n en climatizaci\u00f3n permiti\u00e9ndonos reducir el impacto ambiental, aumentar la comodidad bajando las temperaturas del ambiente al interior de nuestras construcciones y con ello el bienestar de nuestros compradores a quienes les garantizamos siempre el mejor precio del<br>mercado inmobiliario. Nos comprometemos a trabajar con integridad, innovaci\u00f3n y pasi\u00f3n, liderando el desarrollo de construcciones de proyectos inmobiliarios innovadores en la arquitectura contempor\u00e1nea, que garantizan; alta calidad, la incorporaci\u00f3n de elementos perdurables, la inclusi\u00f3n de tecnolog\u00edas renovables (paneles solares, entre otros) al precio m\u00e1s asequible para nuestros futuros usuarios.<\/p>\n\n\n\n<h2 class=\"wp-block-heading has-text-align-center\">VISI\u00d3N<\/h2>\n\n\n\n<p>Nuestra visi\u00f3n para Construark Soluciones, es ser lideres en la industria de la construcci\u00f3n inmobiliaria, reconocida por nuestra excelencia en la creaci\u00f3n de proyectos de alta valorizaci\u00f3n y rentabilidad para nuestros usuarios, y por nuestro compromiso con la sostenibilidad y el medio ambiente. Queremos ser la opci\u00f3n preferida de nuestros usuarios, por nuestra capacidad para entregar proyectos que satisfacen las necesidades de los compradores, sino que tambi\u00e9n mejoran su calidad de vida, les brinden una inversi\u00f3n segura y rentable, y as\u00ed mismo contribuyan a un futuro m\u00e1s sostenible. <\/p>\n\n\n\n<p>Nos comprometemos a seguir innovando y mejorando, para mantenernos a la vanguardia de la industria y seguir siendo una referencia en la construcci\u00f3n de proyectos inmobiliarios de alta calidad y sostenibilidad.<\/p>\n","protected":false},"excerpt":{"rendered":"<p>NOSOTROS Somos una constructora especializada en la creaci\u00f3n de proyectos innovadores, que se destacan en el sector inmobiliario, por; Nos enfocamos en dise\u00f1ar y construir espacios vivenciales y comerciales que no solo satisfagan las necesidades de nuestros compradores, sino que tambi\u00e9n les brinden una inversi\u00f3n segura, rentable y a la vez que minimice el impacto&#8230;<\/p>\n","protected":false},"author":1,"featured_media":4785,"parent":0,"menu_order":0,"comment_status":"closed","ping_status":"closed","template":"templates\/home.php","meta":{"footnotes":""},"class_list":["post-4876","page","type-page","status-publish","has-post-thumbnail","hentry"],"_links":{"self":[{"href":"https:\/\/construark.com.co\/index.php\/wp-json\/wp\/v2\/pages\/4876","targetHints":{"allow":["GET"]}}],"collection":[{"href":"https:\/\/construark.com.co\/index.php\/wp-json\/wp\/v2\/pages"}],"about":[{"href":"https:\/\/construark.com.co\/index.php\/wp-json\/wp\/v2\/types\/page"}],"author":[{"embeddable":true,"href":"https:\/\/construark.com.co\/index.php\/wp-json\/wp\/v2\/users\/1"}],"replies":[{"embeddable":true,"href":"https:\/\/construark.com.co\/index.php\/wp-json\/wp\/v2\/comments?post=4876"}],"version-history":[{"count":2,"href":"https:\/\/construark.com.co\/index.php\/wp-json\/wp\/v2\/pages\/4876\/revisions"}],"predecessor-version":[{"id":4881,"href":"https:\/\/construark.com.co\/index.php\/wp-json\/wp\/v2\/pages\/4876\/revisions\/4881"}],"wp:featuredmedia":[{"embeddable":true,"href":"https:\/\/construark.com.co\/index.php\/wp-json\/wp\/v2\/media\/4785"}],"wp:attachment":[{"href":"https:\/\/construark.com.co\/index.php\/wp-json\/wp\/v2\/media?parent=4876"}],"curies":[{"name":"wp","href":"https:\/\/api.w.org\/{rel}","templated":true}]}}